{"id":24,"date":"2026-05-15T18:13:05","date_gmt":"2026-05-15T18:13:05","guid":{"rendered":"https:\/\/sunticoverseastrade.com\/galerie\/"},"modified":"2026-05-15T18:22:18","modified_gmt":"2026-05-15T18:22:18","slug":"galerie","status":"publish","type":"page","link":"https:\/\/sunticoverseastrade.com\/es\/galerie\/","title":{"rendered":"Galer\u00eda"},"content":{"rendered":"<div class=\"wp-block-group alignfull is-style-ext-preset--group--natural-1--section has-background-background-color has-background has-global-padding is-layout-constrained wp-container-core-group-is-layout-f72f1611 wp-block-group-is-layout-constrained\" id=\"galerie\" style=\"margin-top:0;margin-bottom:0;padding-top:var(--wp--preset--spacing--70);padding-bottom:var(--wp--preset--spacing--70)\">\n<div class=\"wp-block-group alignwide ext-is-logical-start has-global-padding is-content-justification-left is-layout-constrained wp-container-core-group-is-layout-6729bdbe wp-block-group-is-layout-constrained\">\n<h2 class=\"wp-block-heading ext-animate--on\">Entdecken Sie die vielf\u00e4ltigen Bilder unserer hochwertigen Stromaggregate und Industrieausr\u00fcstung.<\/h2>\n\n\n\n<p class=\"has-text-align-left ext-animate--on\">Diese Galerie pr\u00e4sentiert sorgf\u00e4ltig ausgew\u00e4hlte Fotos, die die Qualit\u00e4t und Vielfalt unserer technischen Produkte eindrucksvoll veranschaulichen.<\/p>\n<\/div>\n\n\n\n<div class=\"wp-block-columns alignwide is-layout-flex wp-container-core-columns-is-layout-87beb0d0 wp-block-columns-is-layout-flex\">\n<div class=\"wp-block-column is-vertically-aligned-stretch ext-animate--on is-layout-flow wp-container-core-column-is-layout-f5bb311e wp-block-column-is-layout-flow\" style=\"flex-basis:50%\">\n<div class=\"wp-block-cover is-style-ext-preset--image--natural-1--image-1--content-top is-style-ext-preset--image--natural-1--image-1--content-top--2\" style=\"padding-top:0;padding-bottom:0;min-height:100%;aspect-ratio:unset;\"><img loading=\"lazy\" decoding=\"async\" width=\"1440\" height=\"960\" class=\"wp-block-cover__image-background wp-image-54\" alt=\"\" src=\"https:\/\/sunticoverseastrade.com\/wp-content\/uploads\/2026\/05\/e3771db5c8d2bacc3a19eee3e42fae9c35743e0c.jpg\" data-object-fit=\"cover\" srcset=\"https:\/\/sunticoverseastrade.com\/wp-content\/uploads\/2026\/05\/e3771db5c8d2bacc3a19eee3e42fae9c35743e0c.jpg 1440w, https:\/\/sunticoverseastrade.com\/wp-content\/uploads\/2026\/05\/e3771db5c8d2bacc3a19eee3e42fae9c35743e0c-300x200.jpg 300w, https:\/\/sunticoverseastrade.com\/wp-content\/uploads\/2026\/05\/e3771db5c8d2bacc3a19eee3e42fae9c35743e0c-1024x683.jpg 1024w, https:\/\/sunticoverseastrade.com\/wp-content\/uploads\/2026\/05\/e3771db5c8d2bacc3a19eee3e42fae9c35743e0c-768x512.jpg 768w, https:\/\/sunticoverseastrade.com\/wp-content\/uploads\/2026\/05\/e3771db5c8d2bacc3a19eee3e42fae9c35743e0c-18x12.jpg 18w, https:\/\/sunticoverseastrade.com\/wp-content\/uploads\/2026\/05\/e3771db5c8d2bacc3a19eee3e42fae9c35743e0c-600x400.jpg 600w\" sizes=\"auto, (max-width: 1440px) 100vw, 1440px\" \/><span aria-hidden=\"true\" class=\"wp-block-cover__background has-background-dim-0 has-background-dim\"><\/span><div class=\"wp-block-cover__inner-container is-layout-flow wp-block-cover-is-layout-flow\">\n<div style=\"height:240px\" aria-hidden=\"true\" class=\"wp-block-spacer\"><\/div>\n<\/div><\/div>\n<\/div>\n\n\n\n<div class=\"wp-block-column is-vertically-aligned-top ext-animate--on is-layout-flow wp-container-core-column-is-layout-f5bb311e wp-block-column-is-layout-flow\">\n<figure class=\"wp-block-image is-style-ext-preset--image--natural-1--image-1--content-top is-style-ext-preset--image--natural-1--image-1--content-top--3\"><img loading=\"lazy\" decoding=\"async\" width=\"1440\" height=\"960\" class=\"wp-image-38\" src=\"https:\/\/sunticoverseastrade.com\/wp-content\/uploads\/2026\/05\/fb6cbb93ec95be431fc9353c942947f8654b69eb.jpg\" alt=\"\" style=\"aspect-ratio:1;object-fit:cover\" srcset=\"https:\/\/sunticoverseastrade.com\/wp-content\/uploads\/2026\/05\/fb6cbb93ec95be431fc9353c942947f8654b69eb.jpg 1440w, https:\/\/sunticoverseastrade.com\/wp-content\/uploads\/2026\/05\/fb6cbb93ec95be431fc9353c942947f8654b69eb-300x200.jpg 300w, https:\/\/sunticoverseastrade.com\/wp-content\/uploads\/2026\/05\/fb6cbb93ec95be431fc9353c942947f8654b69eb-1024x683.jpg 1024w, https:\/\/sunticoverseastrade.com\/wp-content\/uploads\/2026\/05\/fb6cbb93ec95be431fc9353c942947f8654b69eb-768x512.jpg 768w, https:\/\/sunticoverseastrade.com\/wp-content\/uploads\/2026\/05\/fb6cbb93ec95be431fc9353c942947f8654b69eb-18x12.jpg 18w, https:\/\/sunticoverseastrade.com\/wp-content\/uploads\/2026\/05\/fb6cbb93ec95be431fc9353c942947f8654b69eb-600x400.jpg 600w\" sizes=\"auto, (max-width: 1440px) 100vw, 1440px\" \/><\/figure>\n\n\n\n<figure class=\"wp-block-image is-style-ext-preset--image--natural-1--image-1--content-top is-style-ext-preset--image--natural-1--image-1--content-top--4\"><img loading=\"lazy\" decoding=\"async\" width=\"1440\" height=\"960\" class=\"wp-image-55\" src=\"https:\/\/sunticoverseastrade.com\/wp-content\/uploads\/2026\/05\/a6a6c17750267066733aa030c363a81082cdeafc.jpg\" alt=\"\" style=\"aspect-ratio:1;object-fit:cover\" srcset=\"https:\/\/sunticoverseastrade.com\/wp-content\/uploads\/2026\/05\/a6a6c17750267066733aa030c363a81082cdeafc.jpg 1440w, https:\/\/sunticoverseastrade.com\/wp-content\/uploads\/2026\/05\/a6a6c17750267066733aa030c363a81082cdeafc-300x200.jpg 300w, https:\/\/sunticoverseastrade.com\/wp-content\/uploads\/2026\/05\/a6a6c17750267066733aa030c363a81082cdeafc-1024x683.jpg 1024w, https:\/\/sunticoverseastrade.com\/wp-content\/uploads\/2026\/05\/a6a6c17750267066733aa030c363a81082cdeafc-768x512.jpg 768w, https:\/\/sunticoverseastrade.com\/wp-content\/uploads\/2026\/05\/a6a6c17750267066733aa030c363a81082cdeafc-18x12.jpg 18w, https:\/\/sunticoverseastrade.com\/wp-content\/uploads\/2026\/05\/a6a6c17750267066733aa030c363a81082cdeafc-600x400.jpg 600w\" sizes=\"auto, (max-width: 1440px) 100vw, 1440px\" \/><\/figure>\n<\/div>\n\n\n\n<div class=\"wp-block-column is-vertically-aligned-top ext-animate--on is-layout-flow wp-container-core-column-is-layout-f5bb311e wp-block-column-is-layout-flow\">\n<figure class=\"wp-block-image is-style-ext-preset--image--natural-1--image-1--content-top is-style-ext-preset--image--natural-1--image-1--content-top--5\"><img loading=\"lazy\" decoding=\"async\" width=\"1440\" height=\"971\" class=\"wp-image-56\" src=\"https:\/\/sunticoverseastrade.com\/wp-content\/uploads\/2026\/05\/9b2cacad69a6757cc40921f556e23a21fd683e18.jpg\" alt=\"\" style=\"aspect-ratio:1;object-fit:cover\" srcset=\"https:\/\/sunticoverseastrade.com\/wp-content\/uploads\/2026\/05\/9b2cacad69a6757cc40921f556e23a21fd683e18.jpg 1440w, https:\/\/sunticoverseastrade.com\/wp-content\/uploads\/2026\/05\/9b2cacad69a6757cc40921f556e23a21fd683e18-300x202.jpg 300w, https:\/\/sunticoverseastrade.com\/wp-content\/uploads\/2026\/05\/9b2cacad69a6757cc40921f556e23a21fd683e18-1024x690.jpg 1024w, https:\/\/sunticoverseastrade.com\/wp-content\/uploads\/2026\/05\/9b2cacad69a6757cc40921f556e23a21fd683e18-768x518.jpg 768w, https:\/\/sunticoverseastrade.com\/wp-content\/uploads\/2026\/05\/9b2cacad69a6757cc40921f556e23a21fd683e18-18x12.jpg 18w, https:\/\/sunticoverseastrade.com\/wp-content\/uploads\/2026\/05\/9b2cacad69a6757cc40921f556e23a21fd683e18-600x405.jpg 600w\" sizes=\"auto, (max-width: 1440px) 100vw, 1440px\" \/><\/figure>\n\n\n\n<figure class=\"wp-block-image is-style-ext-preset--image--natural-1--image-1--content-top is-style-ext-preset--image--natural-1--image-1--content-top--6\"><img loading=\"lazy\" decoding=\"async\" width=\"1440\" height=\"960\" class=\"wp-image-43\" src=\"https:\/\/sunticoverseastrade.com\/wp-content\/uploads\/2026\/05\/16662cf12826dd6477e1eb3184b901173aeaba28.jpg\" alt=\"\" style=\"aspect-ratio:1;object-fit:cover\" srcset=\"https:\/\/sunticoverseastrade.com\/wp-content\/uploads\/2026\/05\/16662cf12826dd6477e1eb3184b901173aeaba28.jpg 1440w, https:\/\/sunticoverseastrade.com\/wp-content\/uploads\/2026\/05\/16662cf12826dd6477e1eb3184b901173aeaba28-300x200.jpg 300w, https:\/\/sunticoverseastrade.com\/wp-content\/uploads\/2026\/05\/16662cf12826dd6477e1eb3184b901173aeaba28-1024x683.jpg 1024w, https:\/\/sunticoverseastrade.com\/wp-content\/uploads\/2026\/05\/16662cf12826dd6477e1eb3184b901173aeaba28-768x512.jpg 768w, https:\/\/sunticoverseastrade.com\/wp-content\/uploads\/2026\/05\/16662cf12826dd6477e1eb3184b901173aeaba28-18x12.jpg 18w, https:\/\/sunticoverseastrade.com\/wp-content\/uploads\/2026\/05\/16662cf12826dd6477e1eb3184b901173aeaba28-600x400.jpg 600w\" sizes=\"auto, (max-width: 1440px) 100vw, 1440px\" \/><\/figure>\n<\/div>\n<\/div>\n<\/div>\n\n<div class=\"wp-block-group alignfull is-style-ext-preset--group--natural-1--section has-tertiary-background-color has-background has-global-padding is-layout-constrained wp-container-core-group-is-layout-e955bbaf wp-block-group-is-layout-constrained\" style=\"margin-top:0;margin-bottom:0;padding-top:var(--wp--preset--spacing--70);padding-bottom:var(--wp--preset--spacing--70)\">\n<h2 class=\"wp-block-heading has-text-align-center ext-animate--on\">Entdecken Sie erstklassige Qualit\u00e4t &#038; nachhaltige L\u00f6sungen.<\/h2>\n\n\n\n<p class=\"has-text-align-center ext-animate--on\" style=\"margin-top:1.5rem\">Unsere Produkte und Services bieten h\u00f6chste Zuverl\u00e4ssigkeit und innovative Technik f\u00fcr Ihren Erfolg.<\/p>\n\n\n\n<div class=\"wp-block-columns alignwide is-layout-flex wp-container-core-columns-is-layout-08c01c1c wp-block-columns-is-layout-flex\">\n<div class=\"wp-block-column is-vertically-aligned-stretch ext-animate--on is-layout-flow wp-container-core-column-is-layout-f5bb311e wp-block-column-is-layout-flow\">\n<div class=\"wp-block-group is-style-ext-preset--group--natural-1--item-card-1--align-center has-global-padding is-layout-constrained wp-block-group-is-layout-constrained is-style-ext-preset--group--natural-1--item-card-1--align-center--8\">\n<figure class=\"wp-block-image aligncenter size-large ext-aspect-landscape\"><img loading=\"lazy\" decoding=\"async\" width=\"1440\" height=\"960\" class=\"wp-image-51\" src=\"https:\/\/sunticoverseastrade.com\/wp-content\/uploads\/2026\/05\/d993b4c17c77396e78e4d089539def25d7ce7b9b.jpg\" alt=\"\" style=\"aspect-ratio:4\/3;object-fit:cover\" srcset=\"https:\/\/sunticoverseastrade.com\/wp-content\/uploads\/2026\/05\/d993b4c17c77396e78e4d089539def25d7ce7b9b.jpg 1440w, https:\/\/sunticoverseastrade.com\/wp-content\/uploads\/2026\/05\/d993b4c17c77396e78e4d089539def25d7ce7b9b-300x200.jpg 300w, https:\/\/sunticoverseastrade.com\/wp-content\/uploads\/2026\/05\/d993b4c17c77396e78e4d089539def25d7ce7b9b-1024x683.jpg 1024w, https:\/\/sunticoverseastrade.com\/wp-content\/uploads\/2026\/05\/d993b4c17c77396e78e4d089539def25d7ce7b9b-768x512.jpg 768w, https:\/\/sunticoverseastrade.com\/wp-content\/uploads\/2026\/05\/d993b4c17c77396e78e4d089539def25d7ce7b9b-18x12.jpg 18w, https:\/\/sunticoverseastrade.com\/wp-content\/uploads\/2026\/05\/d993b4c17c77396e78e4d089539def25d7ce7b9b-600x400.jpg 600w\" sizes=\"auto, (max-width: 1440px) 100vw, 1440px\" \/><\/figure>\n\n\n\n<div class=\"wp-block-group is-style-default has-global-padding is-layout-constrained wp-block-group-is-layout-constrained\">\n<h3 class=\"wp-block-heading has-text-align-center\">Robuste Stromaggregate<\/h3>\n\n\n\n<p class=\"has-text-align-center\">Unsere Stromaggregate \u00fcberzeugen durch Langlebigkeit und effiziente Leistung, ideal f\u00fcr vielf\u00e4ltige Einsatzzwecke weltweit.<\/p>\n<\/div>\n<\/div>\n<\/div>\n\n\n\n<div class=\"wp-block-column is-vertically-aligned-stretch ext-animate--on is-layout-flow wp-container-core-column-is-layout-f5bb311e wp-block-column-is-layout-flow\">\n<div class=\"wp-block-group is-style-ext-preset--group--natural-1--item-card-1--align-center has-global-padding is-layout-constrained wp-block-group-is-layout-constrained is-style-ext-preset--group--natural-1--item-card-1--align-center--9\">\n<figure class=\"wp-block-image aligncenter size-large ext-aspect-landscape\"><img loading=\"lazy\" decoding=\"async\" width=\"1440\" height=\"960\" class=\"wp-image-38\" src=\"https:\/\/sunticoverseastrade.com\/wp-content\/uploads\/2026\/05\/fb6cbb93ec95be431fc9353c942947f8654b69eb.jpg\" alt=\"\" style=\"aspect-ratio:4\/3;object-fit:cover\" srcset=\"https:\/\/sunticoverseastrade.com\/wp-content\/uploads\/2026\/05\/fb6cbb93ec95be431fc9353c942947f8654b69eb.jpg 1440w, https:\/\/sunticoverseastrade.com\/wp-content\/uploads\/2026\/05\/fb6cbb93ec95be431fc9353c942947f8654b69eb-300x200.jpg 300w, https:\/\/sunticoverseastrade.com\/wp-content\/uploads\/2026\/05\/fb6cbb93ec95be431fc9353c942947f8654b69eb-1024x683.jpg 1024w, https:\/\/sunticoverseastrade.com\/wp-content\/uploads\/2026\/05\/fb6cbb93ec95be431fc9353c942947f8654b69eb-768x512.jpg 768w, https:\/\/sunticoverseastrade.com\/wp-content\/uploads\/2026\/05\/fb6cbb93ec95be431fc9353c942947f8654b69eb-18x12.jpg 18w, https:\/\/sunticoverseastrade.com\/wp-content\/uploads\/2026\/05\/fb6cbb93ec95be431fc9353c942947f8654b69eb-600x400.jpg 600w\" sizes=\"auto, (max-width: 1440px) 100vw, 1440px\" \/><\/figure>\n\n\n\n<div class=\"wp-block-group is-style-default has-global-padding is-layout-constrained wp-block-group-is-layout-constrained\">\n<h3 class=\"wp-block-heading has-text-align-center\">Industrieausr\u00fcstung mit Pr\u00e4zision<\/h3>\n\n\n\n<p class=\"has-text-align-center\">Hochwertige Industrieausr\u00fcstung unterst\u00fctzt Ihre Produktion mit modernster Technologie und maximaler Effizienz.<\/p>\n<\/div>\n<\/div>\n<\/div>\n\n\n\n<div class=\"wp-block-column is-vertically-aligned-stretch ext-animate--on is-layout-flow wp-container-core-column-is-layout-f5bb311e wp-block-column-is-layout-flow\">\n<div class=\"wp-block-group is-style-ext-preset--group--natural-1--item-card-1--align-center has-global-padding is-layout-constrained wp-block-group-is-layout-constrained is-style-ext-preset--group--natural-1--item-card-1--align-center--10\">\n<figure class=\"wp-block-image aligncenter size-large ext-aspect-landscape\"><img loading=\"lazy\" decoding=\"async\" width=\"1081\" height=\"1440\" class=\"wp-image-41\" src=\"https:\/\/sunticoverseastrade.com\/wp-content\/uploads\/2026\/05\/14c45a5ebbd305f77a88c005e6cc480345ecad68.jpg\" alt=\"\" style=\"aspect-ratio:4\/3;object-fit:cover\" srcset=\"https:\/\/sunticoverseastrade.com\/wp-content\/uploads\/2026\/05\/14c45a5ebbd305f77a88c005e6cc480345ecad68.jpg 1081w, https:\/\/sunticoverseastrade.com\/wp-content\/uploads\/2026\/05\/14c45a5ebbd305f77a88c005e6cc480345ecad68-225x300.jpg 225w, https:\/\/sunticoverseastrade.com\/wp-content\/uploads\/2026\/05\/14c45a5ebbd305f77a88c005e6cc480345ecad68-769x1024.jpg 769w, https:\/\/sunticoverseastrade.com\/wp-content\/uploads\/2026\/05\/14c45a5ebbd305f77a88c005e6cc480345ecad68-768x1023.jpg 768w, https:\/\/sunticoverseastrade.com\/wp-content\/uploads\/2026\/05\/14c45a5ebbd305f77a88c005e6cc480345ecad68-9x12.jpg 9w, https:\/\/sunticoverseastrade.com\/wp-content\/uploads\/2026\/05\/14c45a5ebbd305f77a88c005e6cc480345ecad68-600x799.jpg 600w\" sizes=\"auto, (max-width: 1081px) 100vw, 1081px\" \/><\/figure>\n\n\n\n<div class=\"wp-block-group is-style-default has-global-padding is-layout-constrained wp-block-group-is-layout-constrained\">\n<h3 class=\"wp-block-heading\">Technisches Zubeh\u00f6r f\u00fcr Profis<\/h3>\n\n\n\n<p class=\"has-text-align-center\">Zuverl\u00e4ssiges Zubeh\u00f6r erg\u00e4nzt Ihre Anlagen optimal und gew\u00e4hrleistet eine st\u00f6rungsfreie Betriebsf\u00fchrung.<\/p>\n<\/div>\n<\/div>\n<\/div>\n<\/div>\n\n\n\n<div class=\"wp-block-buttons ext-animate--on is-content-justification-center is-layout-flex wp-container-core-buttons-is-layout-a89b3969 wp-block-buttons-is-layout-flex\">\n<div class=\"wp-block-button is-style-ext-preset--button--natural-1--button-1 is-style-ext-preset--button--natural-1--button-1--11\"><a class=\"wp-block-button__link wp-element-button\" href=\"https:\/\/sunticoverseastrade.com\/es\/dienstleistungen\/\">Mehr entdecken<\/a><\/div>\n<\/div>\n<\/div>\n\n<div class=\"wp-block-group alignfull is-style-ext-preset--group--natural-1--section has-background-background-color has-background has-global-padding is-layout-constrained wp-container-core-group-is-layout-e955bbaf wp-block-group-is-layout-constrained\" style=\"margin-top:0;margin-bottom:0;padding-top:var(--wp--preset--spacing--70);padding-bottom:var(--wp--preset--spacing--70)\">\n<h2 class=\"wp-block-heading has-text-align-center ext-animate--on\">Vertrauen als Fundament, belegt durch Fakten<\/h2>\n\n\n\n<p class=\"has-text-align-center ext-animate--on\" style=\"margin-top:1.5rem\">Hier stellen wir unsere wichtigsten Zertifikate, Sicherheitsstandards und Branchenpreise vor, die unsere Verl\u00e4sslichkeit und Qualit\u00e4t unterstreichen.<\/p>\n\n\n\n<div class=\"wp-block-columns alignwide is-layout-flex wp-container-core-columns-is-layout-08c01c1c wp-block-columns-is-layout-flex\">\n<div class=\"wp-block-column is-vertically-aligned-stretch ext-animate--on is-layout-flow wp-container-core-column-is-layout-f5bb311e wp-block-column-is-layout-flow\">\n<div class=\"wp-block-group is-style-ext-preset--group--natural-1--item-card-1--align-center has-global-padding is-layout-constrained wp-block-group-is-layout-constrained is-style-ext-preset--group--natural-1--item-card-1--align-center--13\">\n<div class=\"wp-block-group is-style-default has-global-padding is-layout-constrained wp-block-group-is-layout-constrained\">\n<figure class=\"wp-block-image aligncenter size-large ext-aspect-landscape wp-duotone-primary-foreground\"><img decoding=\"async\" src=\"data:image\/svg+xml;base64,PHN2ZyB4bWxucz0iaHR0cDovL3d3dy53My5vcmcvMjAwMC9zdmciIHdpZHRoPSI0OCIgaGVpZ2h0PSI0OCIgZmlsbD0iIzAwMDAwMCIgdmlld0JveD0iMCAwIDI1NiAyNTYiPjxwYXRoIGQ9Ik0xNzIsNzZhNDQsNDQsMCwxLDAtNDQsNDRBNDQuMDUsNDQuMDUsMCwwLDAsMTcyLDc2Wm0tNDQsMjhhMjgsMjgsMCwxLDEsMjgtMjhBMjgsMjgsMCwwLDEsMTI4LDEwNFptNjAsMjRhNDQsNDQsMCwxLDAsNDQsNDRBNDQuMDUsNDQuMDUsMCwwLDAsMTg4LDEyOFptMCw3MmEyOCwyOCwwLDEsMSwyOC0yOEEyOCwyOCwwLDAsMSwxODgsMjAwWk02OCwxMjhhNDQsNDQsMCwxLDAsNDQsNDRBNDQuMDUsNDQuMDUsMCwwLDAsNjgsMTI4Wm0wLDcyYTI4LDI4LDAsMSwxLDI4LTI4QTI4LDI4LDAsMCwxLDY4LDIwMFoiPjwvcGF0aD48L3N2Zz4=\" alt=\"\" style=\"object-fit:cover\"\/><\/figure>\n\n\n\n<h3 class=\"wp-block-heading has-text-align-center\">Certificaci\u00f3n ISO 9001<\/h3>\n\n\n\n<p class=\"has-text-align-center\">Diese Zertifizierung best\u00e4tigt unser Qualit\u00e4tsmanagement und unser Engagement f\u00fcr kontinuierliche Verbesserung.<\/p>\n<\/div>\n<\/div>\n<\/div>\n\n\n\n<div class=\"wp-block-column is-vertically-aligned-stretch ext-animate--on is-layout-flow wp-container-core-column-is-layout-f5bb311e wp-block-column-is-layout-flow\">\n<div class=\"wp-block-group is-style-ext-preset--group--natural-1--item-card-1--align-center has-global-padding is-layout-constrained wp-block-group-is-layout-constrained is-style-ext-preset--group--natural-1--item-card-1--align-center--14\">\n<div class=\"wp-block-group is-style-default has-global-padding is-layout-constrained wp-block-group-is-layout-constrained\">\n<figure class=\"wp-block-image aligncenter size-large ext-aspect-landscape wp-duotone-primary-foreground\"><img decoding=\"async\" src=\"data:image\/svg+xml;base64,PHN2ZyB4bWxucz0iaHR0cDovL3d3dy53My5vcmcvMjAwMC9zdmciIHdpZHRoPSI0OCIgaGVpZ2h0PSI0OCIgZmlsbD0iIzAwMDAwMCIgdmlld0JveD0iMCAwIDI1NiAyNTYiPjxwYXRoIGQ9Ik04MCw0MGE0MCw0MCwwLDEsMCw0MCw0MEE0MCw0MCwwLDAsMCw4MCw0MFptMCw2NGEyNCwyNCwwLDEsMSwyNC0yNEEyNCwyNCwwLDAsMSw4MCwxMDRabTk2LDE2YTQwLDQwLDAsMSwwLTQwLTQwQTQwLDQwLDAsMCwwLDE3NiwxMjBabTAtNjRhMjQsMjQsMCwxLDEtMjQsMjRBMjQsMjQsMCwwLDEsMTc2LDU2Wk04MCwxMzZhNDAsNDAsMCwxLDAsNDAsNDBBNDAsNDAsMCwwLDAsODAsMTM2Wm0wLDY0YTI0LDI0LDAsMSwxLDI0LTI0QTI0LDI0LDAsMCwxLDgwLDIwMFptOTYtNjRhNDAsNDAsMCwxLDAsNDAsNDBBNDAsNDAsMCwwLDAsMTc2LDEzNlptMCw2NGEyNCwyNCwwLDEsMSwyNC0yNEEyNCwyNCwwLDAsMSwxNzYsMjAwWiI+PC9wYXRoPjwvc3ZnPg==\" alt=\"\" style=\"object-fit:cover\"\/><\/figure>\n\n\n\n<h3 class=\"wp-block-heading has-text-align-center\">Marca CE<\/h3>\n\n\n\n<p class=\"has-text-align-center\">Das CE-Siegel garantiert, dass unsere Produkte den europ\u00e4ischen Sicherheits- und Gesundheitsanforderungen entsprechen.<\/p>\n<\/div>\n<\/div>\n<\/div>\n\n\n\n<div class=\"wp-block-column is-vertically-aligned-stretch ext-animate--on is-layout-flow wp-container-core-column-is-layout-f5bb311e wp-block-column-is-layout-flow\">\n<div class=\"wp-block-group is-style-ext-preset--group--natural-1--item-card-1--align-center has-global-padding is-layout-constrained wp-block-group-is-layout-constrained is-style-ext-preset--group--natural-1--item-card-1--align-center--15\">\n<div class=\"wp-block-group is-style-default has-global-padding is-layout-constrained wp-block-group-is-layout-constrained\">\n<figure class=\"wp-block-image aligncenter size-large ext-aspect-landscape wp-duotone-primary-foreground\"><img decoding=\"async\" src=\"data:image\/svg+xml;base64,PHN2ZyB4bWxucz0iaHR0cDovL3d3dy53My5vcmcvMjAwMC9zdmciIHdpZHRoPSI0OCIgaGVpZ2h0PSI0OCIgZmlsbD0iIzAwMDAwMCIgdmlld0JveD0iMCAwIDI1NiAyNTYiPjxwYXRoIGQ9Ik04MCw0MGE0MCw0MCwwLDEsMCw0MCw0MEE0MCw0MCwwLDAsMCw4MCw0MFptMCw2NGEyNCwyNCwwLDEsMSwyNC0yNEEyNCwyNCwwLDAsMSw4MCwxMDRabTk2LDE2YTQwLDQwLDAsMSwwLTQwLTQwQTQwLDQwLDAsMCwwLDE3NiwxMjBabTAtNjRhMjQsMjQsMCwxLDEtMjQsMjRBMjQsMjQsMCwwLDEsMTc2LDU2Wk04MCwxMzZhNDAsNDAsMCwxLDAsNDAsNDBBNDAsNDAsMCwwLDAsODAsMTM2Wm0wLDY0YTI0LDI0LDAsMSwxLDI0LTI0QTI0LDI0LDAsMCwxLDgwLDIwMFptMTM2LTI0YTgsOCwwLDAsMS04LDhIMTg0djI0YTgsOCwwLDAsMS0xNiwwVjE4NEgxNDRhOCw4LDAsMCwxLDAtMTZoMjRWMTQ0YTgsOCwwLDAsMSwxNiwwdjI0aDI0QTgsOCwwLDAsMSwyMTYsMTc2WiI+PC9wYXRoPjwvc3ZnPg==\" alt=\"\" style=\"object-fit:cover\"\/><\/figure>\n\n\n\n<h3 class=\"wp-block-heading has-text-align-center\">Zertifizierung nach DGUV Vorschrift 3<\/h3>\n\n\n\n<p class=\"has-text-align-center\">Diese Anerkennung best\u00e4tigt die regelm\u00e4\u00dfige Pr\u00fcfung und Sicherheit unserer technischen Ausr\u00fcstung nach deutschen Standards.<\/p>\n<\/div>\n<\/div>\n<\/div>\n<\/div>\n<\/div>","protected":false},"excerpt":{"rendered":"<p>Entdecken Sie die vielf\u00e4ltigen Bilder unserer hochwertigen Stromaggregate und Industrieausr\u00fcstung. Diese Galerie pr\u00e4sentiert sorgf\u00e4ltig ausgew\u00e4hlte Fotos, die die Qualit\u00e4t und Vielfalt unserer technischen Produkte eindrucksvoll veranschaulichen. Entdecken Sie erstklassige Qualit\u00e4t &#038; nachhaltige L\u00f6sungen. Unsere Produkte und Services bieten h\u00f6chste Zuverl\u00e4ssigkeit und innovative Technik f\u00fcr Ihren Erfolg. Robuste Stromaggregate Unsere Stromaggregate \u00fcberzeugen durch Langlebigkeit und effiziente [&hellip;]<\/p>\n","protected":false},"author":1,"featured_media":0,"parent":0,"menu_order":0,"comment_status":"closed","ping_status":"closed","template":"page-with-title","meta":{"footnotes":""},"class_list":["post-24","page","type-page","status-publish","hentry"],"_links":{"self":[{"href":"https:\/\/sunticoverseastrade.com\/es\/wp-json\/wp\/v2\/pages\/24","targetHints":{"allow":["GET"]}}],"collection":[{"href":"https:\/\/sunticoverseastrade.com\/es\/wp-json\/wp\/v2\/pages"}],"about":[{"href":"https:\/\/sunticoverseastrade.com\/es\/wp-json\/wp\/v2\/types\/page"}],"author":[{"embeddable":true,"href":"https:\/\/sunticoverseastrade.com\/es\/wp-json\/wp\/v2\/users\/1"}],"replies":[{"embeddable":true,"href":"https:\/\/sunticoverseastrade.com\/es\/wp-json\/wp\/v2\/comments?post=24"}],"version-history":[{"count":2,"href":"https:\/\/sunticoverseastrade.com\/es\/wp-json\/wp\/v2\/pages\/24\/revisions"}],"predecessor-version":[{"id":57,"href":"https:\/\/sunticoverseastrade.com\/es\/wp-json\/wp\/v2\/pages\/24\/revisions\/57"}],"wp:attachment":[{"href":"https:\/\/sunticoverseastrade.com\/es\/wp-json\/wp\/v2\/media?parent=24"}],"curies":[{"name":"wp","href":"https:\/\/api.w.org\/{rel}","templated":true}]}}