{"id":23,"date":"2026-05-15T18:13:04","date_gmt":"2026-05-15T18:13:04","guid":{"rendered":"https:\/\/sunticoverseastrade.com\/faq\/"},"modified":"2026-05-15T18:22:16","modified_gmt":"2026-05-15T18:22:16","slug":"faq","status":"publish","type":"page","link":"https:\/\/sunticoverseastrade.com\/es\/faq\/","title":{"rendered":"Preguntas frecuentes"},"content":{"rendered":"<div class=\"wp-block-group alignfull is-style-ext-preset--group--natural-1--section has-background-background-color has-background has-global-padding is-layout-constrained wp-container-core-group-is-layout-e955bbaf wp-block-group-is-layout-constrained\" id=\"faq\" style=\"margin-top:0;margin-bottom:0;padding-top:var(--wp--preset--spacing--70);padding-bottom:var(--wp--preset--spacing--70)\">\n<div class=\"wp-block-group alignwide ext-is-logical-start has-global-padding is-content-justification-left is-layout-constrained wp-container-core-group-is-layout-20186816 wp-block-group-is-layout-constrained\">\n<h2 class=\"wp-block-heading ext-animate--on\">H\u00e4ufig gestellte Fragen (FAQ)<\/h2>\n\n\n\n<p class=\"ext-animate--on\">In diesem Bereich finden Sie pr\u00e4zise Antworten auf wesentliche Fragen rund um unsere Produkte und Dienstleistungen.<\/p>\n<\/div>\n\n\n\n<div class=\"wp-block-columns alignwide is-layout-flex wp-container-core-columns-is-layout-08c01c1c wp-block-columns-is-layout-flex\">\n<div class=\"wp-block-column ext-animate--on is-layout-flow wp-container-core-column-is-layout-119bc444 wp-block-column-is-layout-flow\">\n<div class=\"wp-block-group is-style-ext-preset--group--natural-1--item-card-1--align-start has-global-padding is-layout-constrained wp-block-group-is-layout-constrained is-style-ext-preset--group--natural-1--item-card-1--align-start--2\">\n<div class=\"wp-block-group is-style-default has-global-padding is-layout-constrained wp-block-group-is-layout-constrained\">\n<h3 class=\"wp-block-heading\">Welche Produkte bietet SunticOverseas an?<\/h3>\n\n\n\n<p>Wir importieren und exportieren Stromaggregate, Industrieausr\u00fcstung sowie technisches Zubeh\u00f6r weltweit.<\/p>\n<\/div>\n<\/div>\n<\/div>\n\n\n\n<div class=\"wp-block-column ext-animate--on is-layout-flow wp-container-core-column-is-layout-119bc444 wp-block-column-is-layout-flow\">\n<div class=\"wp-block-group is-style-ext-preset--group--natural-1--item-card-1--align-start has-global-padding is-layout-constrained wp-block-group-is-layout-constrained is-style-ext-preset--group--natural-1--item-card-1--align-start--3\">\n<div class=\"wp-block-group is-style-default has-global-padding is-layout-constrained wp-block-group-is-layout-constrained\">\n<h3 class=\"wp-block-heading\">Wie kann ich eine Bestellung aufgeben?<\/h3>\n\n\n\n<p>Kontaktieren Sie unser Verkaufsteam \u00fcber das Kontaktformular oder telefonisch, um Ihre Bestellung zu besprechen.<\/p>\n<\/div>\n<\/div>\n<\/div>\n<\/div>\n\n\n\n<div class=\"wp-block-columns alignwide is-layout-flex wp-container-core-columns-is-layout-967d05ff wp-block-columns-is-layout-flex\" style=\"margin-top:var(--wp--preset--spacing--40)\">\n<div class=\"wp-block-column ext-animate--on is-layout-flow wp-container-core-column-is-layout-119bc444 wp-block-column-is-layout-flow\">\n<div class=\"wp-block-group is-style-ext-preset--group--natural-1--item-card-1--align-start has-global-padding is-layout-constrained wp-block-group-is-layout-constrained is-style-ext-preset--group--natural-1--item-card-1--align-start--4\">\n<div class=\"wp-block-group is-style-default has-global-padding is-layout-constrained wp-block-group-is-layout-constrained\">\n<h3 class=\"wp-block-heading\">Welche Versandoptionen stehen zur Verf\u00fcgung?<\/h3>\n\n\n\n<p>Wir bieten internationale Versandl\u00f6sungen mit zuverl\u00e4ssigen Partnern f\u00fcr eine termingerechte Lieferung.<\/p>\n<\/div>\n<\/div>\n<\/div>\n\n\n\n<div class=\"wp-block-column ext-animate--on is-layout-flow wp-container-core-column-is-layout-119bc444 wp-block-column-is-layout-flow\">\n<div class=\"wp-block-group is-style-ext-preset--group--natural-1--item-card-1--align-start has-global-padding is-layout-constrained wp-block-group-is-layout-constrained is-style-ext-preset--group--natural-1--item-card-1--align-start--5\">\n<div class=\"wp-block-group is-style-default has-global-padding is-layout-constrained wp-block-group-is-layout-constrained\">\n<h3 class=\"wp-block-heading\">Welche Zahlungsmethoden akzeptiert SunticOverseas?<\/h3>\n\n\n\n<p>Zahlungen sind per Bank\u00fcberweisung, Kreditkarte oder PayPal m\u00f6glich, je nach Vereinbarung.<\/p>\n<\/div>\n<\/div>\n<\/div>\n<\/div>\n\n\n\n<div class=\"wp-block-columns alignwide is-layout-flex wp-container-core-columns-is-layout-967d05ff wp-block-columns-is-layout-flex\" style=\"margin-top:var(--wp--preset--spacing--40)\">\n<div class=\"wp-block-column ext-animate--on is-layout-flow wp-container-core-column-is-layout-119bc444 wp-block-column-is-layout-flow\">\n<div class=\"wp-block-group is-style-ext-preset--group--natural-1--item-card-1--align-start has-global-padding is-layout-constrained wp-block-group-is-layout-constrained is-style-ext-preset--group--natural-1--item-card-1--align-start--6\">\n<div class=\"wp-block-group is-style-default has-global-padding is-layout-constrained wp-block-group-is-layout-constrained\">\n<h3 class=\"wp-block-heading\">Kann ich technische Beratung zu den Produkten erhalten?<\/h3>\n\n\n\n<p>Unser Expertenteam steht Ihnen beratend zur Seite, um die passende Ausr\u00fcstung f\u00fcr Ihre Anforderungen zu finden.<\/p>\n<\/div>\n<\/div>\n<\/div>\n\n\n\n<div class=\"wp-block-column ext-animate--on is-layout-flow wp-container-core-column-is-layout-119bc444 wp-block-column-is-layout-flow\">\n<div class=\"wp-block-group is-style-ext-preset--group--natural-1--item-card-1--align-start has-global-padding is-layout-constrained wp-block-group-is-layout-constrained is-style-ext-preset--group--natural-1--item-card-1--align-start--7\">\n<div class=\"wp-block-group is-style-default has-global-padding is-layout-constrained wp-block-group-is-layout-constrained\">\n<h3 class=\"wp-block-heading\">Wie erreiche ich den Kundenservice?<\/h3>\n\n\n\n<p>Sie erreichen uns telefonisch, per E-Mail oder \u00fcber das Kontaktformular auf unserer Website.<\/p>\n<\/div>\n<\/div>\n<\/div>\n<\/div>\n<\/div>\n\n<div class=\"wp-block-group alignfull is-style-ext-preset--group--natural-1--section has-tertiary-background-color has-background has-global-padding is-layout-constrained wp-block-group-is-layout-constrained\" style=\"margin-top:0;margin-bottom:0;padding-top:0;padding-bottom:0\">\n<div class=\"wp-block-cover alignfull is-style-ext-preset--cover--natural-1--cover-overlay-1 is-style-ext-preset--cover--natural-1--cover-overlay-1--9\" style=\"padding-top:var(--wp--preset--spacing--70);padding-right:var(--wp--preset--spacing--30);padding-bottom:var(--wp--preset--spacing--70);padding-left:var(--wp--preset--spacing--30)\"><img loading=\"lazy\" decoding=\"async\" width=\"1081\" height=\"1440\" class=\"wp-block-cover__image-background wp-image-41\" alt=\"\" src=\"https:\/\/sunticoverseastrade.com\/wp-content\/uploads\/2026\/05\/14c45a5ebbd305f77a88c005e6cc480345ecad68.jpg\" data-object-fit=\"cover\" srcset=\"https:\/\/sunticoverseastrade.com\/wp-content\/uploads\/2026\/05\/14c45a5ebbd305f77a88c005e6cc480345ecad68.jpg 1081w, https:\/\/sunticoverseastrade.com\/wp-content\/uploads\/2026\/05\/14c45a5ebbd305f77a88c005e6cc480345ecad68-225x300.jpg 225w, https:\/\/sunticoverseastrade.com\/wp-content\/uploads\/2026\/05\/14c45a5ebbd305f77a88c005e6cc480345ecad68-769x1024.jpg 769w, https:\/\/sunticoverseastrade.com\/wp-content\/uploads\/2026\/05\/14c45a5ebbd305f77a88c005e6cc480345ecad68-768x1023.jpg 768w, https:\/\/sunticoverseastrade.com\/wp-content\/uploads\/2026\/05\/14c45a5ebbd305f77a88c005e6cc480345ecad68-9x12.jpg 9w, https:\/\/sunticoverseastrade.com\/wp-content\/uploads\/2026\/05\/14c45a5ebbd305f77a88c005e6cc480345ecad68-600x799.jpg 600w\" sizes=\"auto, (max-width: 1081px) 100vw, 1081px\" \/><span aria-hidden=\"true\" class=\"wp-block-cover__background has-background-dim-80 has-background-dim\" style=\"background-color:#010101\"><\/span><div class=\"wp-block-cover__inner-container has-global-padding is-layout-constrained wp-container-core-cover-is-layout-5cffc2c1 wp-block-cover-is-layout-constrained\">\n<div class=\"wp-block-group alignwide ext-is-logical-start has-global-padding is-content-justification-left is-layout-constrained wp-container-core-group-is-layout-19fdcb70 wp-block-group-is-layout-constrained\">\n<h2 class=\"wp-block-heading has-text-align-left ext-animate--on\">Starten Sie heute Ihren Weg zu nachhaltigem Wachstum<\/h2>\n\n\n\n<p class=\"has-text-align-left ext-animate--on\" style=\"margin-top:1.5rem\">Informieren Sie sich ausf\u00fchrlich \u00fcber unsere vielf\u00e4ltigen Import- und Exportl\u00f6sungen f\u00fcr Stromaggregate und Industrieausr\u00fcstung und entdecken Sie, wie wir Ihr Unternehmen unterst\u00fctzen k\u00f6nnen.<\/p>\n\n\n\n<div class=\"wp-block-buttons ext-animate--on is-layout-flex wp-block-buttons-is-layout-flex\">\n<div class=\"wp-block-button is-style-ext-preset--button--natural-1--button-1 is-style-ext-preset--button--natural-1--button-1--10\"><a class=\"wp-block-button__link wp-element-button\" href=\"https:\/\/sunticoverseastrade.com\/es\/start\/\">M\u00e1s informaci\u00f3n<\/a><\/div>\n<\/div>\n<\/div>\n<\/div><\/div>\n<\/div>\n\n<div class=\"wp-block-group alignfull is-style-ext-preset--group--natural-1--section ext-animate--off has-background-background-color has-background has-global-padding is-layout-constrained wp-block-group-is-layout-constrained\" id=\"kontakt\" style=\"margin-top:0;margin-bottom:0;padding-top:var(--wp--preset--spacing--70);padding-bottom:var(--wp--preset--spacing--70)\">\n<div class=\"wp-block-media-text alignwide has-media-on-the-right is-stacked-on-mobile is-image-fill-element is-style-ext-preset--media-text--natural-1--card-1 ext-animate--on has-tertiary-background-color has-background is-style-ext-preset--media-text--natural-1--card-1--12\" style=\"grid-template-columns:auto 48%\"><div class=\"wp-block-media-text__content\">\n<div class=\"wp-block-group alignwide ext-animate--off has-global-padding is-layout-constrained wp-container-core-group-is-layout-48493932 wp-block-group-is-layout-constrained\" style=\"padding-top:var(--wp--preset--spacing--55);padding-right:var(--wp--preset--spacing--55);padding-bottom:var(--wp--preset--spacing--55);padding-left:var(--wp--preset--spacing--55)\">\n<div class=\"wp-block-contact-form-7-contact-form-selector\"><p class=\"wpcf7-contact-form-not-found\"><strong>Error:<\/strong> Formulario de contacto no encontrado.<\/p><\/div>\n<\/div>\n<\/div><figure class=\"wp-block-media-text__media\"><img loading=\"lazy\" decoding=\"async\" width=\"1440\" height=\"960\" class=\"wp-image-51 size-full\" src=\"https:\/\/sunticoverseastrade.com\/wp-content\/uploads\/2026\/05\/d993b4c17c77396e78e4d089539def25d7ce7b9b.jpg\" alt=\"\" style=\"object-position:50% 50%\" srcset=\"https:\/\/sunticoverseastrade.com\/wp-content\/uploads\/2026\/05\/d993b4c17c77396e78e4d089539def25d7ce7b9b.jpg 1440w, https:\/\/sunticoverseastrade.com\/wp-content\/uploads\/2026\/05\/d993b4c17c77396e78e4d089539def25d7ce7b9b-300x200.jpg 300w, https:\/\/sunticoverseastrade.com\/wp-content\/uploads\/2026\/05\/d993b4c17c77396e78e4d089539def25d7ce7b9b-1024x683.jpg 1024w, https:\/\/sunticoverseastrade.com\/wp-content\/uploads\/2026\/05\/d993b4c17c77396e78e4d089539def25d7ce7b9b-768x512.jpg 768w, https:\/\/sunticoverseastrade.com\/wp-content\/uploads\/2026\/05\/d993b4c17c77396e78e4d089539def25d7ce7b9b-18x12.jpg 18w, https:\/\/sunticoverseastrade.com\/wp-content\/uploads\/2026\/05\/d993b4c17c77396e78e4d089539def25d7ce7b9b-600x400.jpg 600w\" sizes=\"auto, (max-width: 1440px) 100vw, 1440px\" \/><\/figure><\/div>\n<\/div>","protected":false},"excerpt":{"rendered":"<p>H\u00e4ufig gestellte Fragen (FAQ) In diesem Bereich finden Sie pr\u00e4zise Antworten auf wesentliche Fragen rund um unsere Produkte und Dienstleistungen. Welche Produkte bietet SunticOverseas an? Wir importieren und exportieren Stromaggregate, Industrieausr\u00fcstung sowie technisches Zubeh\u00f6r weltweit. Wie kann ich eine Bestellung aufgeben? Kontaktieren Sie unser Verkaufsteam \u00fcber das Kontaktformular oder telefonisch, um Ihre Bestellung zu besprechen. [&hellip;]<\/p>\n","protected":false},"author":1,"featured_media":0,"parent":0,"menu_order":0,"comment_status":"closed","ping_status":"closed","template":"page-with-title","meta":{"footnotes":""},"class_list":["post-23","page","type-page","status-publish","hentry"],"_links":{"self":[{"href":"https:\/\/sunticoverseastrade.com\/es\/wp-json\/wp\/v2\/pages\/23","targetHints":{"allow":["GET"]}}],"collection":[{"href":"https:\/\/sunticoverseastrade.com\/es\/wp-json\/wp\/v2\/pages"}],"about":[{"href":"https:\/\/sunticoverseastrade.com\/es\/wp-json\/wp\/v2\/types\/page"}],"author":[{"embeddable":true,"href":"https:\/\/sunticoverseastrade.com\/es\/wp-json\/wp\/v2\/users\/1"}],"replies":[{"embeddable":true,"href":"https:\/\/sunticoverseastrade.com\/es\/wp-json\/wp\/v2\/comments?post=23"}],"version-history":[{"count":2,"href":"https:\/\/sunticoverseastrade.com\/es\/wp-json\/wp\/v2\/pages\/23\/revisions"}],"predecessor-version":[{"id":53,"href":"https:\/\/sunticoverseastrade.com\/es\/wp-json\/wp\/v2\/pages\/23\/revisions\/53"}],"wp:attachment":[{"href":"https:\/\/sunticoverseastrade.com\/es\/wp-json\/wp\/v2\/media?parent=23"}],"curies":[{"name":"wp","href":"https:\/\/api.w.org\/{rel}","templated":true}]}}